{"id":19729,"date":"2024-07-04T16:01:52","date_gmt":"2024-07-04T14:01:52","guid":{"rendered":"https:\/\/www.matts-guitar-shop.com\/das-team\/"},"modified":"2026-04-05T22:47:56","modified_gmt":"2026-04-05T20:47:56","slug":"das-team","status":"publish","type":"page","link":"https:\/\/www.matts-guitar-shop.com\/de\/das-team\/","title":{"rendered":"Das Team"},"content":{"rendered":"<p>[et_pb_section fb_built=&#8220;1&#8243; fullwidth=&#8220;on&#8220; _builder_version=&#8220;4.25.2&#8243; _module_preset=&#8220;default&#8220; width=&#8220;100%&#8220; min_height=&#8220;100vh&#8220; locked=&#8220;off&#8220; global_colors_info=&#8220;{}&#8220;][et_pb_fullwidth_slider _builder_version=&#8220;4.27.4&#8243; _module_preset=&#8220;default&#8220; header_level=&#8220;h1&#8243; header_font=&#8220;|600|||||||&#8220; body_font=&#8220;||||||||&#8220; width=&#8220;100%&#8220; min_height=&#8220;100vh&#8220; auto=&#8220;on&#8220; auto_speed=&#8220;4500&#8243; auto_ignore_hover=&#8220;on&#8220; hover_transition_duration=&#8220;50ms&#8220; hover_transition_speed_curve=&#8220;linear&#8220; hover_enabled=&#8220;0&#8243; global_colors_info=&#8220;{}&#8220; sticky_enabled=&#8220;0&#8243;][et_pb_slide _builder_version=&#8220;4.27.5&#8243; _module_preset=&#8220;default&#8220; header_level=&#8220;h1&#8243; header_font_size=&#8220;70px&#8220; body_font_size=&#8220;20px&#8220; background_enable_color=&#8220;off&#8220; background_image=&#8220;https:\/\/www.matts-guitar-shop.com\/wp-content\/uploads\/2025\/11\/slide-equipe-matts-guitar-shop-02.jpg&#8220; background_enable_image=&#8220;on&#8220; background_size=&#8220;custom&#8220; hover_enabled=&#8220;0&#8243; header_font_size_tablet=&#8220;60px&#8220; header_font_size_phone=&#8220;32px&#8220; header_font_size_last_edited=&#8220;on|phone&#8220; body_font_size_tablet=&#8220;20px&#8220; body_font_size_phone=&#8220;16px&#8220; body_font_size_last_edited=&#8220;on|phone&#8220; global_colors_info=&#8220;{}&#8220; sticky_transition=&#8220;on&#8220; sticky_enabled=&#8220;0&#8243;][\/et_pb_slide][\/et_pb_fullwidth_slider][\/et_pb_section][et_pb_section fb_built=&#8220;1&#8243; _builder_version=&#8220;4.27.5&#8243; _module_preset=&#8220;default&#8220; background_color=&#8220;#000000&#8243; top_divider_color=&#8220;#d0a957&#8243; top_divider_height=&#8220;12px&#8220; bottom_divider_style=&#8220;arrow2&#8243; bottom_divider_color=&#8220;gcid-heading-color&#8220; bottom_divider_height=&#8220;12px&#8220; bottom_divider_flip=&#8220;vertical&#8220; hover_enabled=&#8220;0&#8243; sticky_enabled=&#8220;0&#8243; top_divider_style=&#8220;arrow2&#8243; global_colors_info=&#8220;{%22gcid-heading-color%22:%91%22bottom_divider_color%22,%22bottom_divider_color%22,%22bottom_divider_color%22,%22bottom_divider_color%22%93}&#8220;][et_pb_row _builder_version=&#8220;4.25.2&#8243; _module_preset=&#8220;default&#8220; global_colors_info=&#8220;{}&#8220;][et_pb_column type=&#8220;4_4&#8243; _builder_version=&#8220;4.25.2&#8243; _module_preset=&#8220;default&#8220; global_colors_info=&#8220;{}&#8220;][et_pb_post_title meta=&#8220;off&#8220; featured_image=&#8220;off&#8220; _builder_version=&#8220;4.27.5&#8243; _module_preset=&#8220;default&#8220; title_font=&#8220;Open Sans|300|||||||&#8220; title_text_color=&#8220;#ddab05&#8243; title_font_size=&#8220;6rem&#8220; text_orientation=&#8220;center&#8220; custom_margin=&#8220;0px||||false|false&#8220; hover_enabled=&#8220;0&#8243; global_colors_info=&#8220;{}&#8220; locked=&#8220;off&#8220; sticky_enabled=&#8220;0&#8243;][\/et_pb_post_title][et_pb_text _builder_version=&#8220;4.27.5&#8243; _module_preset=&#8220;default&#8220; text_font_size=&#8220;16px&#8220; header_font=&#8220;|700|||||||&#8220; header_text_align=&#8220;center&#8220; header_font_size=&#8220;36px&#8220; text_orientation=&#8220;center&#8220; background_layout=&#8220;dark&#8220; hover_enabled=&#8220;0&#8243; global_colors_info=&#8220;{}&#8220; sticky_enabled=&#8220;0&#8243;]<\/p>\n<p>Gr\u00fcndet und geleitet von Matt Lucas ist Matt\u2019s Guitar Shop heute ein zentraler Akteur in der Expertise, Begleitung und im Verkauf von Musikinstrumenten. Er verk\u00f6rpert eine neue Generation von Gitarrenliebhabern, f\u00fcr die die Musik an erster Stelle steht und f\u00fcr die der Klang wichtiger ist als die Seriennummer. Zudem hat er eine besondere Leidenschaft: die Jagd nach Instrumenten, die ber\u00fchmten K\u00fcnstlern geh\u00f6rt haben \u2013 von Jeff Buckleys Telecaster \u00fcber Tal Farlows Gibson bis hin zu Frank Zappas Les Paul und der von Steve Jones.<\/p>\n<p>Im Team von Matt\u2019s Guitar Shop vereinen sich unterschiedliche, sich erg\u00e4nzende Profile, die alle von derselben Leidenschaft f\u00fcr musikalische Kreativit\u00e4t getragen werden. Vom Luthier, dessen technisches Fachwissen eine pragmatische Sicht auf die Gitarre bietet, \u00fcber den k\u00fcnstlerischen und historischen Ansatz der Abteilung f\u00fcr Art &#038; Memorabilia, bis hin zu den Ratschl\u00e4gen und der umfassenden Expertise seines Gr\u00fcnders und Direktors Matthieu Lucas \u2013 das Team von Matt\u2019s Guitar Shop repr\u00e4sentiert die ganze Vielfalt und Ambivalenz, die der Markt f\u00fcr au\u00dfergew\u00f6hnliche Instrumente zu bieten hat.<\/p>\n<p>Ob es darum geht, Sie bei Kauf-, Verkaufs- oder Suchprojekten f\u00fcr Gitarren zu begleiten, bei Einstellungsarbeiten oder Reparaturen in der Werkstatt oder bei der Erwerbung von Kunstwerken und Memorabilia aus der Rockgeschichte \u2013 wir freuen uns, Ihnen helfen und Sie unterst\u00fctzen zu d\u00fcrfen!<\/p>\n<p>[\/et_pb_text][et_pb_image src=&#8220;https:\/\/www.matts-guitar-shop.com\/wp-content\/uploads\/2025\/11\/equipe-matt-s-guitar-shop-05.jpg&#8220; title_text=&#8220;equipe-matt-s-guitar-shop-05&#8243; align=&#8220;center&#8220; force_fullwidth=&#8220;on&#8220; disabled_on=&#8220;off|off|off&#8220; _builder_version=&#8220;4.27.4&#8243; _module_preset=&#8220;default&#8220; global_colors_info=&#8220;{}&#8220;][\/et_pb_image][et_pb_button button_url=&#8220;@ET-DC@eyJkeW5hbWljIjp0cnVlLCJjb250ZW50IjoicG9zdF9saW5rX3VybF9wYWdlIiwic2V0dGluZ3MiOnsicG9zdF9pZCI6IjIwMyJ9fQ==@&#8220; button_text=&#8220;Kunst, Memorabilia &#038; Merchandise&#8220; button_alignment=&#8220;center&#8220; _builder_version=&#8220;4.25.2&#8243; _dynamic_attributes=&#8220;button_url&#8220; _module_preset=&#8220;default&#8220; custom_button=&#8220;on&#8220; button_text_size=&#8220;14px&#8220; button_text_color=&#8220;#FFFFFF&#8220; button_bg_color=&#8220;#000000&#8243; button_border_width=&#8220;1px&#8220; button_border_color=&#8220;#FFFFFF&#8220; button_border_radius=&#8220;0px&#8220; button_letter_spacing=&#8220;1px&#8220; button_font=&#8220;|600|||||||&#8220; button_icon=&#8220;&#x35;||divi||400&#8243; button_border_width_last_edited=&#8220;off|desktop&#8220; global_colors_info=&#8220;{}&#8220; button_border_width__hover_enabled=&#8220;off|desktop&#8220;][\/et_pb_button][\/et_pb_column][\/et_pb_row][et_pb_row column_structure=&#8220;1_2,1_2&#8243; _builder_version=&#8220;4.25.2&#8243; _module_preset=&#8220;default&#8220; global_colors_info=&#8220;{}&#8220;][et_pb_column type=&#8220;1_2&#8243; _builder_version=&#8220;4.25.2&#8243; _module_preset=&#8220;default&#8220; global_colors_info=&#8220;{}&#8220;][et_pb_text _builder_version=&#8220;4.27.5&#8243; _module_preset=&#8220;default&#8220; text_font_size=&#8220;16px&#8220; header_font=&#8220;|700|||||||&#8220; header_text_align=&#8220;center&#8220; header_font_size=&#8220;36px&#8220; header_2_font=&#8220;&#8211;et_global_heading_font|300|||||||&#8220; background_layout=&#8220;dark&#8220; hover_enabled=&#8220;0&#8243; global_colors_info=&#8220;{%22gcid-heading-color%22:%91%22background_color%22%93}&#8220; header_2_text_color=&#8220;#ddab05&#8243; header_2_font_size=&#8220;2rem&#8220; sticky_enabled=&#8220;0&#8243;]<\/p>\n<h2>Matt Lucas &#8211; CEO<\/h2>\n<p>Seit seiner Jugend von Musik und Rock begeistert, hat Matt die <b>Gitarre<\/b> zu seinem Zugang zu dieser faszinierenden Welt gemacht. Innerhalb von fast zehn Jahren ist er zu einem der f\u00fchrenden <b>Spezialisten<\/b> f\u00fcr au\u00dfergew\u00f6hnliche Gitarren geworden und hat Matt\u2019s Guitar Shop zu einem renommierten Namen im Instrumentenhandel gemacht. Faszinierend findet er besonders die aufregende und kuriose Dimension der <b>Gitarren von K\u00fcnstlern<\/b> und hat schon fr\u00fch entschieden, das Sammeln von Musikerinstrumenten zu seinem Herzensthema zu machen. Obwohl er auch <b>vintage<\/b> und modernere Gitarren verkauft, bilden historische Instrumente das Kernst\u00fcck von Matt\u2019s Guitar Shop.<\/p>\n<p>\u00dcberzeugt davon, dass die sch\u00f6nsten Geschichten durch <b>Teilen<\/b> und <b>Weitergabe<\/b> erz\u00e4hlt werden, hat Matt stets darauf geachtet, Offenheit ins Zentrum der Philosophie des Shops zu stellen. Seine wertvollsten Sch\u00e4tze werden regelm\u00e4\u00dfig an K\u00fcnstler auf der B\u00fchne oder im Studio ausgeliehen, w\u00e4hrend jeder nach Terminvereinbarung die Gelegenheit hat, die sch\u00f6nsten Gitarren des Shops zu spielen. Im Laufe der Zeit ist Matt zudem zu einer bedeutenden Stimme der <b>Expertise<\/b> und Analyse auf dem internationalen Markt f\u00fcr Musikinstrumente geworden.<\/p>\n<p>Die Sammlungen von Lenny Kravitz und Craig Ross sowie die von Deryck Whibley z\u00e4hlen zu den Highlights des Jahres 2024, die \u00fcber Matt\u2019s Guitar Shop gingen.<\/p>\n<p>[\/et_pb_text][\/et_pb_column][et_pb_column type=&#8220;1_2&#8243; _builder_version=&#8220;4.25.2&#8243; _module_preset=&#8220;default&#8220; global_colors_info=&#8220;{}&#8220;][et_pb_image src=&#8220;https:\/\/www.matts-guitar-shop.com\/wp-content\/uploads\/2024\/11\/equipe-matt-s-guitar-shop-02-V2.jpg&#8220; title_text=&#8220;equipe-matt-s-guitar-shop-02-V2&#8243; _builder_version=&#8220;4.25.2&#8243; _module_preset=&#8220;default&#8220; global_colors_info=&#8220;{}&#8220;][\/et_pb_image][\/et_pb_column][\/et_pb_row][et_pb_row column_structure=&#8220;1_2,1_2&#8243; _builder_version=&#8220;4.25.2&#8243; _module_preset=&#8220;default&#8220; global_colors_info=&#8220;{}&#8220;][et_pb_column type=&#8220;1_2&#8243; _builder_version=&#8220;4.25.2&#8243; _module_preset=&#8220;default&#8220; global_colors_info=&#8220;{}&#8220;][et_pb_text _builder_version=&#8220;4.25.2&#8243; _module_preset=&#8220;default&#8220; text_font_size=&#8220;16px&#8220; header_font=&#8220;|700|||||||&#8220; header_text_align=&#8220;center&#8220; header_font_size=&#8220;36px&#8220; header_2_font=&#8220;&#8211;et_global_heading_font|300|||||||&#8220; background_layout=&#8220;dark&#8220; global_colors_info=&#8220;{%22gcid-heading-color%22:%91%22background_color%22%93}&#8220; header_2_text_color=&#8220;#ddab05&#8243; header_2_font_size=&#8220;2rem&#8220;]<\/p>\n<h2>Paul Mouilleron &#8211; Luthier<\/h2>\n<p>Getrieben von seiner Leidenschaft f\u00fcr die <b>Gitarre<\/b> seit seiner Kindheit, entschied sich <b>Paul<\/b>, die Kunst des Gitarrenbaus zu seinem Beruf zu machen. Er ist fasziniert von den M\u00f6glichkeiten der Gitarrenbaukunst und bestrebt, jedes noch so kleine Geheimnis zu verstehen. W\u00e4hrend er sich auf sein Brevet des M\u00e9tiers d\u2019art am ITEMM nach dem CAP vorbereitet, trat Paul dem Team von Matt\u2019s Guitar Shop als <b>Luthier<\/b> und <b>Leiter der Werkstatt<\/b> bei. Er vertieft seine Erfahrung in der Schule und wendet sein Wissen an einigen der sch\u00f6nsten je gefertigten Gitarren an.<\/p>\n<p>Paul ist in der Lage, Solid-Body- und Akustikgitarren herzustellen sowie Wartungsarbeiten und aufwendigere strukturelle Eingriffe durchzuf\u00fchren. Er freut sich darauf, Sie zu empfangen oder Ihre Anfragen zu beantworten und Ihre Instrumente (Gitarren, B\u00e4sse, Ukulelen, Verst\u00e4rker) schnell und mit einem L\u00e4cheln zu bearbeiten!<\/p>\n<p>[\/et_pb_text][\/et_pb_column][et_pb_column type=&#8220;1_2&#8243; _builder_version=&#8220;4.25.2&#8243; _module_preset=&#8220;default&#8220; global_colors_info=&#8220;{}&#8220;][et_pb_image src=&#8220;https:\/\/www.matts-guitar-shop.com\/wp-content\/uploads\/2024\/12\/paul-mouilleron-luthier-01.jpg&#8220; alt=&#8220;Paul Mouilleron, Luthier bei Matt&#039;s Guitar Shop&#8220; title_text=&#8220;paul-mouilleron-luthier-01&#8243; _builder_version=&#8220;4.25.2&#8243; _module_preset=&#8220;default&#8220; global_colors_info=&#8220;{}&#8220;][\/et_pb_image][\/et_pb_column][\/et_pb_row][\/et_pb_section]<\/p>\n","protected":false},"excerpt":{"rendered":"<p>Gr\u00fcndet und geleitet von Matt Lucas ist Matt\u2019s Guitar Shop heute ein zentraler Akteur in der Expertise, Begleitung und im Verkauf von Musikinstrumenten. Er verk\u00f6rpert eine neue Generation von Gitarrenliebhabern, f\u00fcr die die Musik an erster Stelle steht und f\u00fcr die der Klang wichtiger ist als die Seriennummer. Zudem hat er eine besondere Leidenschaft: die [&hellip;]<\/p>\n","protected":false},"author":1,"featured_media":9762,"parent":0,"menu_order":0,"comment_status":"closed","ping_status":"closed","template":"","meta":{"_et_pb_use_builder":"on","_et_pb_old_content":"","_et_gb_content_width":"","footnotes":""},"class_list":["post-19729","page","type-page","status-publish","has-post-thumbnail","hentry"],"yoast_head":"<!-- This site is optimized with the Yoast SEO plugin v26.8 - https:\/\/yoast.com\/product\/yoast-seo-wordpress\/ -->\n<title>Das Team - Matt&#039;s Guitar Shop<\/title>\n<meta name=\"robots\" content=\"index, follow, max-snippet:-1, max-image-preview:large, max-video-preview:-1\" \/>\n<link rel=\"canonical\" href=\"https:\/\/www.matts-guitar-shop.com\/de\/das-team\/\" \/>\n<meta property=\"og:locale\" content=\"de_DE\" \/>\n<meta property=\"og:type\" content=\"article\" \/>\n<meta property=\"og:title\" content=\"Das Team - Matt&#039;s Guitar Shop\" \/>\n<meta property=\"og:description\" content=\"Gr\u00fcndet und geleitet von Matt Lucas ist Matt\u2019s Guitar Shop heute ein zentraler Akteur in der Expertise, Begleitung und im Verkauf von Musikinstrumenten. Er verk\u00f6rpert eine neue Generation von Gitarrenliebhabern, f\u00fcr die die Musik an erster Stelle steht und f\u00fcr die der Klang wichtiger ist als die Seriennummer. Zudem hat er eine besondere Leidenschaft: die [&hellip;]\" \/>\n<meta property=\"og:url\" content=\"https:\/\/www.matts-guitar-shop.com\/de\/das-team\/\" \/>\n<meta property=\"og:site_name\" content=\"Matt&#039;s Guitar Shop\" \/>\n<meta property=\"article:publisher\" content=\"https:\/\/www.facebook.com\/profile.php?id=100044359842817\" \/>\n<meta property=\"article:modified_time\" content=\"2026-04-05T20:47:56+00:00\" \/>\n<meta property=\"og:image\" content=\"https:\/\/www.matts-guitar-shop.com\/wp-content\/uploads\/2024\/11\/equipe-matt-s-guitar-shop-01.jpg\" \/>\n\t<meta property=\"og:image:width\" content=\"1440\" \/>\n\t<meta property=\"og:image:height\" content=\"960\" \/>\n\t<meta property=\"og:image:type\" content=\"image\/jpeg\" \/>\n<meta name=\"twitter:card\" content=\"summary_large_image\" \/>\n<meta name=\"twitter:label1\" content=\"Gesch\u00e4tzte Lesezeit\" \/>\n\t<meta name=\"twitter:data1\" content=\"7\u00a0Minuten\" \/>\n<script type=\"application\/ld+json\" class=\"yoast-schema-graph\">{\"@context\":\"https:\/\/schema.org\",\"@graph\":[{\"@type\":\"WebPage\",\"@id\":\"https:\/\/www.matts-guitar-shop.com\/de\/das-team\/\",\"url\":\"https:\/\/www.matts-guitar-shop.com\/de\/das-team\/\",\"name\":\"Das Team - Matt&#039;s Guitar Shop\",\"isPartOf\":{\"@id\":\"https:\/\/www.matts-guitar-shop.com\/de\/#website\"},\"primaryImageOfPage\":{\"@id\":\"https:\/\/www.matts-guitar-shop.com\/de\/das-team\/#primaryimage\"},\"image\":{\"@id\":\"https:\/\/www.matts-guitar-shop.com\/de\/das-team\/#primaryimage\"},\"thumbnailUrl\":\"https:\/\/www.matts-guitar-shop.com\/wp-content\/uploads\/2024\/11\/equipe-matt-s-guitar-shop-01.jpg\",\"datePublished\":\"2024-07-04T14:01:52+00:00\",\"dateModified\":\"2026-04-05T20:47:56+00:00\",\"breadcrumb\":{\"@id\":\"https:\/\/www.matts-guitar-shop.com\/de\/das-team\/#breadcrumb\"},\"inLanguage\":\"de\",\"potentialAction\":[{\"@type\":\"ReadAction\",\"target\":[\"https:\/\/www.matts-guitar-shop.com\/de\/das-team\/\"]}]},{\"@type\":\"ImageObject\",\"inLanguage\":\"de\",\"@id\":\"https:\/\/www.matts-guitar-shop.com\/de\/das-team\/#primaryimage\",\"url\":\"https:\/\/www.matts-guitar-shop.com\/wp-content\/uploads\/2024\/11\/equipe-matt-s-guitar-shop-01.jpg\",\"contentUrl\":\"https:\/\/www.matts-guitar-shop.com\/wp-content\/uploads\/2024\/11\/equipe-matt-s-guitar-shop-01.jpg\",\"width\":1440,\"height\":960},{\"@type\":\"BreadcrumbList\",\"@id\":\"https:\/\/www.matts-guitar-shop.com\/de\/das-team\/#breadcrumb\",\"itemListElement\":[{\"@type\":\"ListItem\",\"position\":1,\"name\":\"Startseite\",\"item\":\"https:\/\/www.matts-guitar-shop.com\/de\/\"},{\"@type\":\"ListItem\",\"position\":2,\"name\":\"Das Team\"}]},{\"@type\":\"WebSite\",\"@id\":\"https:\/\/www.matts-guitar-shop.com\/de\/#website\",\"url\":\"https:\/\/www.matts-guitar-shop.com\/de\/\",\"name\":\"matts-guitar-shop.com\",\"description\":\"Guitar Shop\",\"publisher\":{\"@id\":\"https:\/\/www.matts-guitar-shop.com\/de\/#organization\"},\"potentialAction\":[{\"@type\":\"SearchAction\",\"target\":{\"@type\":\"EntryPoint\",\"urlTemplate\":\"https:\/\/www.matts-guitar-shop.com\/de\/?s={search_term_string}\"},\"query-input\":{\"@type\":\"PropertyValueSpecification\",\"valueRequired\":true,\"valueName\":\"search_term_string\"}}],\"inLanguage\":\"de\"},{\"@type\":\"Organization\",\"@id\":\"https:\/\/www.matts-guitar-shop.com\/de\/#organization\",\"name\":\"matts-guitar-shop.com\",\"url\":\"https:\/\/www.matts-guitar-shop.com\/de\/\",\"logo\":{\"@type\":\"ImageObject\",\"inLanguage\":\"de\",\"@id\":\"https:\/\/www.matts-guitar-shop.com\/de\/#\/schema\/logo\/image\/\",\"url\":\"https:\/\/www.matts-guitar-shop.com\/wp-content\/uploads\/2024\/09\/MGS-logo-site-02.png\",\"contentUrl\":\"https:\/\/www.matts-guitar-shop.com\/wp-content\/uploads\/2024\/09\/MGS-logo-site-02.png\",\"width\":200,\"height\":122,\"caption\":\"matts-guitar-shop.com\"},\"image\":{\"@id\":\"https:\/\/www.matts-guitar-shop.com\/de\/#\/schema\/logo\/image\/\"},\"sameAs\":[\"https:\/\/www.facebook.com\/profile.php?id=100044359842817\",\"https:\/\/www.instagram.com\/mattsguitarshop\/\",\"https:\/\/www.youtube.com\/@MattLucasMan\/videos\"]}]}<\/script>\n<!-- \/ Yoast SEO plugin. -->","yoast_head_json":{"title":"Das Team - Matt&#039;s Guitar Shop","robots":{"index":"index","follow":"follow","max-snippet":"max-snippet:-1","max-image-preview":"max-image-preview:large","max-video-preview":"max-video-preview:-1"},"canonical":"https:\/\/www.matts-guitar-shop.com\/de\/das-team\/","og_locale":"de_DE","og_type":"article","og_title":"Das Team - Matt&#039;s Guitar Shop","og_description":"Gr\u00fcndet und geleitet von Matt Lucas ist Matt\u2019s Guitar Shop heute ein zentraler Akteur in der Expertise, Begleitung und im Verkauf von Musikinstrumenten. Er verk\u00f6rpert eine neue Generation von Gitarrenliebhabern, f\u00fcr die die Musik an erster Stelle steht und f\u00fcr die der Klang wichtiger ist als die Seriennummer. Zudem hat er eine besondere Leidenschaft: die [&hellip;]","og_url":"https:\/\/www.matts-guitar-shop.com\/de\/das-team\/","og_site_name":"Matt&#039;s Guitar Shop","article_publisher":"https:\/\/www.facebook.com\/profile.php?id=100044359842817","article_modified_time":"2026-04-05T20:47:56+00:00","og_image":[{"width":1440,"height":960,"url":"https:\/\/www.matts-guitar-shop.com\/wp-content\/uploads\/2024\/11\/equipe-matt-s-guitar-shop-01.jpg","type":"image\/jpeg"}],"twitter_card":"summary_large_image","twitter_misc":{"Gesch\u00e4tzte Lesezeit":"7\u00a0Minuten"},"schema":{"@context":"https:\/\/schema.org","@graph":[{"@type":"WebPage","@id":"https:\/\/www.matts-guitar-shop.com\/de\/das-team\/","url":"https:\/\/www.matts-guitar-shop.com\/de\/das-team\/","name":"Das Team - Matt&#039;s Guitar Shop","isPartOf":{"@id":"https:\/\/www.matts-guitar-shop.com\/de\/#website"},"primaryImageOfPage":{"@id":"https:\/\/www.matts-guitar-shop.com\/de\/das-team\/#primaryimage"},"image":{"@id":"https:\/\/www.matts-guitar-shop.com\/de\/das-team\/#primaryimage"},"thumbnailUrl":"https:\/\/www.matts-guitar-shop.com\/wp-content\/uploads\/2024\/11\/equipe-matt-s-guitar-shop-01.jpg","datePublished":"2024-07-04T14:01:52+00:00","dateModified":"2026-04-05T20:47:56+00:00","breadcrumb":{"@id":"https:\/\/www.matts-guitar-shop.com\/de\/das-team\/#breadcrumb"},"inLanguage":"de","potentialAction":[{"@type":"ReadAction","target":["https:\/\/www.matts-guitar-shop.com\/de\/das-team\/"]}]},{"@type":"ImageObject","inLanguage":"de","@id":"https:\/\/www.matts-guitar-shop.com\/de\/das-team\/#primaryimage","url":"https:\/\/www.matts-guitar-shop.com\/wp-content\/uploads\/2024\/11\/equipe-matt-s-guitar-shop-01.jpg","contentUrl":"https:\/\/www.matts-guitar-shop.com\/wp-content\/uploads\/2024\/11\/equipe-matt-s-guitar-shop-01.jpg","width":1440,"height":960},{"@type":"BreadcrumbList","@id":"https:\/\/www.matts-guitar-shop.com\/de\/das-team\/#breadcrumb","itemListElement":[{"@type":"ListItem","position":1,"name":"Startseite","item":"https:\/\/www.matts-guitar-shop.com\/de\/"},{"@type":"ListItem","position":2,"name":"Das Team"}]},{"@type":"WebSite","@id":"https:\/\/www.matts-guitar-shop.com\/de\/#website","url":"https:\/\/www.matts-guitar-shop.com\/de\/","name":"matts-guitar-shop.com","description":"Guitar Shop","publisher":{"@id":"https:\/\/www.matts-guitar-shop.com\/de\/#organization"},"potentialAction":[{"@type":"SearchAction","target":{"@type":"EntryPoint","urlTemplate":"https:\/\/www.matts-guitar-shop.com\/de\/?s={search_term_string}"},"query-input":{"@type":"PropertyValueSpecification","valueRequired":true,"valueName":"search_term_string"}}],"inLanguage":"de"},{"@type":"Organization","@id":"https:\/\/www.matts-guitar-shop.com\/de\/#organization","name":"matts-guitar-shop.com","url":"https:\/\/www.matts-guitar-shop.com\/de\/","logo":{"@type":"ImageObject","inLanguage":"de","@id":"https:\/\/www.matts-guitar-shop.com\/de\/#\/schema\/logo\/image\/","url":"https:\/\/www.matts-guitar-shop.com\/wp-content\/uploads\/2024\/09\/MGS-logo-site-02.png","contentUrl":"https:\/\/www.matts-guitar-shop.com\/wp-content\/uploads\/2024\/09\/MGS-logo-site-02.png","width":200,"height":122,"caption":"matts-guitar-shop.com"},"image":{"@id":"https:\/\/www.matts-guitar-shop.com\/de\/#\/schema\/logo\/image\/"},"sameAs":["https:\/\/www.facebook.com\/profile.php?id=100044359842817","https:\/\/www.instagram.com\/mattsguitarshop\/","https:\/\/www.youtube.com\/@MattLucasMan\/videos"]}]}},"_links":{"self":[{"href":"https:\/\/www.matts-guitar-shop.com\/de\/wp-json\/wp\/v2\/pages\/19729","targetHints":{"allow":["GET"]}}],"collection":[{"href":"https:\/\/www.matts-guitar-shop.com\/de\/wp-json\/wp\/v2\/pages"}],"about":[{"href":"https:\/\/www.matts-guitar-shop.com\/de\/wp-json\/wp\/v2\/types\/page"}],"author":[{"embeddable":true,"href":"https:\/\/www.matts-guitar-shop.com\/de\/wp-json\/wp\/v2\/users\/1"}],"replies":[{"embeddable":true,"href":"https:\/\/www.matts-guitar-shop.com\/de\/wp-json\/wp\/v2\/comments?post=19729"}],"version-history":[{"count":10,"href":"https:\/\/www.matts-guitar-shop.com\/de\/wp-json\/wp\/v2\/pages\/19729\/revisions"}],"predecessor-version":[{"id":31991,"href":"https:\/\/www.matts-guitar-shop.com\/de\/wp-json\/wp\/v2\/pages\/19729\/revisions\/31991"}],"wp:featuredmedia":[{"embeddable":true,"href":"https:\/\/www.matts-guitar-shop.com\/de\/wp-json\/wp\/v2\/media\/9762"}],"wp:attachment":[{"href":"https:\/\/www.matts-guitar-shop.com\/de\/wp-json\/wp\/v2\/media?parent=19729"}],"curies":[{"name":"wp","href":"https:\/\/api.w.org\/{rel}","templated":true}]}}