{"id":19706,"date":"2025-02-20T06:44:24","date_gmt":"2025-02-20T05:44:24","guid":{"rendered":"https:\/\/www.matts-guitar-shop.com\/impressum\/"},"modified":"2025-08-30T00:48:55","modified_gmt":"2025-08-29T22:48:55","slug":"impressum","status":"publish","type":"page","link":"https:\/\/www.matts-guitar-shop.com\/de\/impressum\/","title":{"rendered":"Impressum"},"content":{"rendered":"<p>[et_pb_section fb_built=&#8220;1&#8243; _builder_version=&#8220;4.25.2&#8243; _module_preset=&#8220;default&#8220; background_color=&#8220;#000000&#8243; top_divider_style=&#8220;arrow2&#8243; top_divider_color=&#8220;#d0a957&#8243; top_divider_height=&#8220;12px&#8220; bottom_divider_style=&#8220;arrow2&#8243; bottom_divider_color=&#8220;gcid-heading-color&#8220; bottom_divider_height=&#8220;12px&#8220; bottom_divider_flip=&#8220;vertical&#8220; global_colors_info=&#8220;{%22gcid-heading-color%22:%91%22bottom_divider_color%22,%22bottom_divider_color%22%93}&#8220;][et_pb_row _builder_version=&#8220;4.25.2&#8243; _module_preset=&#8220;default&#8220; global_colors_info=&#8220;{}&#8220;][et_pb_column type=&#8220;4_4&#8243; _builder_version=&#8220;4.25.2&#8243; _module_preset=&#8220;default&#8220; global_colors_info=&#8220;{}&#8220;][et_pb_text _builder_version=&#8220;4.25.2&#8243; _module_preset=&#8220;default&#8220; header_font=&#8220;|700|||||||&#8220; header_text_align=&#8220;center&#8220; header_font_size=&#8220;36px&#8220; background_layout=&#8220;dark&#8220; hover_enabled=&#8220;0&#8243; global_colors_info=&#8220;{}&#8220; sticky_enabled=&#8220;0&#8243;]<\/p>\n<h1>Impressum<\/h1>\n<p>[\/et_pb_text][et_pb_text _builder_version=&#8220;4.25.2&#8243; _module_preset=&#8220;default&#8220; text_font_size=&#8220;16px&#8220; link_text_color=&#8220;#FFFFFF&#8220; header_font=&#8220;|700|||||||&#8220; header_text_align=&#8220;center&#8220; header_font_size=&#8220;36px&#8220; background_layout=&#8220;dark&#8220; hover_enabled=&#8220;0&#8243; global_colors_info=&#8220;{}&#8220; sticky_enabled=&#8220;0&#8243; border_width_bottom=&#8220;1px&#8220; custom_margin=&#8220;||||false|false&#8220; custom_padding=&#8220;||3%||false|false&#8220;]<\/p>\n<h2>Website-Inhaber &amp; Verantwortlicher f\u00fcr die Ver\u00f6ffentlichung<\/h2>\n<p><strong>MGS<\/strong><br \/>La Noria<br \/>806 route d\u2019Antibes, 06410 Biot, Frankreich<br \/>(Showroom in Paris)<br \/>Tel.: +33 6 71 96 92 17<br \/>E-Mail: <a href=\"mailto:contact@matts-guitar-shop.com\">contact@matts-guitar-shop.com<\/a><\/p>\n<p><strong>Verantwortlicher f\u00fcr die Ver\u00f6ffentlichung:<\/strong> Matthieu Lucas<\/p>\n<p>[\/et_pb_text][et_pb_text _builder_version=&#8220;4.25.2&#8243; _module_preset=&#8220;default&#8220; text_font_size=&#8220;16px&#8220; link_text_color=&#8220;#FFFFFF&#8220; header_font=&#8220;|700|||||||&#8220; header_text_align=&#8220;center&#8220; header_font_size=&#8220;36px&#8220; background_layout=&#8220;dark&#8220; global_colors_info=&#8220;{}&#8220; sticky_enabled=&#8220;0&#8243; border_width_bottom=&#8220;1px&#8220; custom_margin=&#8220;||||false|false&#8220; custom_padding=&#8220;||3%||false|false&#8220;]<\/p>\n<h2>Website-Hosting<\/h2>\n<p><\/p>\n<p>OVH<br \/>2 rue Kellermann, 59100 Roubaix, Frankreich<br \/>Website: www.ovh.com<\/p>\n<p>[\/et_pb_text][et_pb_text _builder_version=&#8220;4.25.2&#8243; _module_preset=&#8220;default&#8220; text_font_size=&#8220;16px&#8220; link_text_color=&#8220;#FFFFFF&#8220; header_font=&#8220;|700|||||||&#8220; header_text_align=&#8220;center&#8220; header_font_size=&#8220;36px&#8220; background_layout=&#8220;dark&#8220; global_colors_info=&#8220;{}&#8220; sticky_enabled=&#8220;0&#8243; border_width_bottom=&#8220;1px&#8220; custom_margin=&#8220;||||false|false&#8220; custom_padding=&#8220;||3%||false|false&#8220;]<\/p>\n<h2>Urheberrecht und geistiges Eigentum<\/h2>\n<p>Der gesamte Inhalt der Website <a href=\"https:\/\/www.matts-guitar-shop.com\/de\/\">www.matts-guitar-shop.com<\/a> (Texte, Bilder, Logos, Videos, grafische Elemente, Struktur, Layout, Datenbanken usw.) ist ausschlie\u00dfliches Eigentum von <strong>Matt\u2019s Guitar Shop<\/strong> oder seinen Partnern und durch das Gesetz zum geistigen Eigentum gesch\u00fctzt.<\/p>\n<p>Jegliche Vervielf\u00e4ltigung, Verbreitung, \u00c4nderung oder Nutzung, ganz oder teilweise, der Inhalte der Website ohne vorherige schriftliche Genehmigung ist strengstens verboten und kann rechtlich verfolgt werden.<\/p>\n<p>Die auf dieser Website verwendeten Marken und Logos sind eingetragene Marken. Jede nicht autorisierte Nutzung ist untersagt.<\/p>\n<p>[\/et_pb_text][et_pb_text _builder_version=&#8220;4.25.2&#8243; _module_preset=&#8220;default&#8220; text_font_size=&#8220;16px&#8220; link_text_color=&#8220;#FFFFFF&#8220; header_font=&#8220;|700|||||||&#8220; header_text_align=&#8220;center&#8220; header_font_size=&#8220;36px&#8220; background_layout=&#8220;dark&#8220; global_colors_info=&#8220;{}&#8220; sticky_enabled=&#8220;0&#8243; border_width_bottom=&#8220;1px&#8220; custom_margin=&#8220;||||false|false&#8220; custom_padding=&#8220;||3%||false|false&#8220;]<\/p>\n<h2>Haftung<\/h2>\n<p>Die auf dieser Website bereitgestellten Informationen dienen nur zu Informationszwecken. <strong>Matt\u2019s Guitar Shop<\/strong> unternimmt alle Anstrengungen, um die Genauigkeit und Aktualit\u00e4t der Informationen sicherzustellen, kann jedoch nicht f\u00fcr Fehler, Auslassungen oder veraltete Informationen verantwortlich gemacht werden.<\/p>\n<p>Der Nutzer ist allein verantwortlich f\u00fcr die Nutzung der auf der Website bereitgestellten Informationen. <strong>Matt\u2019s Guitar Shop<\/strong> haftet nicht f\u00fcr direkte oder indirekte Sch\u00e4den, die sich aus dem Zugriff auf oder der Nutzung der Website ergeben.<\/p>\n<p>Die auf dieser Website enthaltenen Hyperlinks k\u00f6nnen auf externe Websites verweisen. <strong>Matt\u2019s Guitar Shop<\/strong> hat keine Kontrolle \u00fcber diese Websites und \u00fcbernimmt keine Verantwortung f\u00fcr deren Inhalte.<\/p>\n<p>[\/et_pb_text][et_pb_text _builder_version=&#8220;4.25.2&#8243; _module_preset=&#8220;default&#8220; text_font_size=&#8220;16px&#8220; link_text_color=&#8220;#FFFFFF&#8220; header_font=&#8220;|700|||||||&#8220; header_text_align=&#8220;center&#8220; header_font_size=&#8220;36px&#8220; background_layout=&#8220;dark&#8220; global_colors_info=&#8220;{}&#8220; sticky_enabled=&#8220;0&#8243; border_width_bottom=&#8220;1px&#8220; custom_margin=&#8220;||||false|false&#8220; custom_padding=&#8220;||3%||false|false&#8220;]<\/p>\n<h2>Schutz personenbezogener Daten<\/h2>\n<p>Die Website <a href=\"https:\/\/www.matts-guitar-shop.com\/de\/\">www.matts-guitar-shop.com<\/a> kann bestimmte personenbezogene Daten der Nutzer (Name, Vorname, Adresse, Telefon, E-Mail) im Rahmen von Kontaktformularen, Bestellungen oder Newsletter-Anmeldungen erfassen.<\/p>\n<p>Diese Daten sind gesichert und nur f\u00fcr die Mitarbeiter von Matt\u2019s Guitar Shop sowie f\u00fcr deren technische Dienstleister im Rahmen ihrer Aufgaben zug\u00e4nglich.<\/p>\n<p>Gem\u00e4\u00df der Datenschutz-Grundverordnung (DSGVO) haben Sie das Recht auf Zugriff, Berichtigung und L\u00f6schung Ihrer personenbezogenen Daten.<\/p>\n<p>Sie k\u00f6nnen diese Rechte aus\u00fcben, indem Sie uns kontaktieren:<br \/>\ud83d\udce7 <a href=\"mailto:contact@matts-guitar-shop.com\">contact@matts-guitar-shop.com<\/a><br \/>\ud83d\udccd <strong>MGS &#8211; La Noria, 806 route d\u2019Antibes, 06410 Biot, Frankreich<\/strong><\/p>\n<p>Sie k\u00f6nnen sich auch von unseren Mitteilungen abmelden, indem Sie auf den Abmeldelink in unseren E-Mails klicken.<\/p>\n<p>[\/et_pb_text][et_pb_text _builder_version=&#8220;4.25.2&#8243; _module_preset=&#8220;default&#8220; text_font_size=&#8220;16px&#8220; link_text_color=&#8220;#FFFFFF&#8220; header_font=&#8220;|700|||||||&#8220; header_text_align=&#8220;center&#8220; header_font_size=&#8220;36px&#8220; background_layout=&#8220;dark&#8220; global_colors_info=&#8220;{}&#8220; sticky_enabled=&#8220;0&#8243; border_width_bottom=&#8220;1px&#8220; custom_margin=&#8220;||||false|false&#8220; custom_padding=&#8220;||3%||false|false&#8220;]<\/p>\n<h2>Cookies<\/h2>\n<p>Die Website <a href=\"https:\/\/www.matts-guitar-shop.com\/de\/\">www.matts-guitar-shop.com<\/a> verwendet Cookies, um die Benutzererfahrung zu verbessern und die Website-Besuche zu analysieren.<\/p>\n<p>Der Nutzer kann Cookies jederzeit \u00fcber die Einstellungen seines Browsers deaktivieren.<\/p>\n<p>[\/et_pb_text][et_pb_text _builder_version=&#8220;4.25.2&#8243; _module_preset=&#8220;default&#8220; text_font_size=&#8220;16px&#8220; link_text_color=&#8220;#FFFFFF&#8220; header_font=&#8220;|700|||||||&#8220; header_text_align=&#8220;center&#8220; header_font_size=&#8220;36px&#8220; background_layout=&#8220;dark&#8220; global_colors_info=&#8220;{}&#8220; sticky_enabled=&#8220;0&#8243; border_width_bottom=&#8220;1px&#8220; custom_margin=&#8220;||||false|false&#8220; custom_padding=&#8220;||3%||false|false&#8220;]<\/p>\n<h2>Anwendbares Recht und Gerichtsstand<\/h2>\n<p>Diese rechtlichen Hinweise unterliegen dem franz\u00f6sischen Recht. Im Falle eines Rechtsstreits sind die zust\u00e4ndigen Gerichte die am Sitz von <strong>Matt\u2019s Guitar Shop<\/strong>, sofern nicht gesetzlich etwas anderes vorgeschrieben ist.<\/p>\n<p>[\/et_pb_text][et_pb_text _builder_version=&#8220;4.25.2&#8243; _module_preset=&#8220;default&#8220; text_font_size=&#8220;16px&#8220; link_text_color=&#8220;#FFFFFF&#8220; header_font=&#8220;|700|||||||&#8220; header_text_align=&#8220;center&#8220; header_font_size=&#8220;36px&#8220; background_layout=&#8220;dark&#8220; global_colors_info=&#8220;{}&#8220; sticky_enabled=&#8220;0&#8243; border_width_bottom=&#8220;1px&#8220; custom_margin=&#8220;||||false|false&#8220; custom_padding=&#8220;||3%||false|false&#8220;]<\/p>\n<h2>Kontakt<\/h2>\n<p>Bei Fragen zu diesen rechtlichen Hinweisen:<br \/>\ud83d\udce7 <a href=\"mailto:contact@matts-guitar-shop.com\">contact@matts-guitar-shop.com<\/a><\/p>\n<p>[\/et_pb_text][\/et_pb_column][\/et_pb_row][\/et_pb_section]<\/p>\n","protected":false},"excerpt":{"rendered":"<p>ImpressumWebsite-Inhaber &amp; Verantwortlicher f\u00fcr die Ver\u00f6ffentlichung MGSLa Noria806 route d\u2019Antibes, 06410 Biot, Frankreich(Showroom in Paris)Tel.: +33 6 71 96 92 17E-Mail: contact@matts-guitar-shop.com Verantwortlicher f\u00fcr die Ver\u00f6ffentlichung: Matthieu LucasWebsite-HostingOVH2 rue Kellermann, 59100 Roubaix, FrankreichWebsite: www.ovh.comUrheberrecht und geistiges Eigentum Der gesamte Inhalt der Website www.matts-guitar-shop.com (Texte, Bilder, Logos, Videos, grafische Elemente, Struktur, Layout, Datenbanken usw.) ist ausschlie\u00dfliches [&hellip;]<\/p>\n","protected":false},"author":2,"featured_media":0,"parent":0,"menu_order":0,"comment_status":"closed","ping_status":"closed","template":"","meta":{"_et_pb_use_builder":"on","_et_pb_old_content":"","_et_gb_content_width":"","footnotes":""},"class_list":["post-19706","page","type-page","status-publish","hentry"],"yoast_head":"<!-- This site is optimized with the Yoast SEO plugin v26.8 - https:\/\/yoast.com\/product\/yoast-seo-wordpress\/ -->\n<title>Impressum - Matt&#039;s Guitar Shop<\/title>\n<meta name=\"robots\" content=\"index, follow, max-snippet:-1, max-image-preview:large, max-video-preview:-1\" \/>\n<link rel=\"canonical\" href=\"https:\/\/www.matts-guitar-shop.com\/de\/impressum\/\" \/>\n<meta property=\"og:locale\" content=\"de_DE\" \/>\n<meta property=\"og:type\" content=\"article\" \/>\n<meta property=\"og:title\" content=\"Impressum - Matt&#039;s Guitar Shop\" \/>\n<meta property=\"og:description\" content=\"ImpressumWebsite-Inhaber &amp; Verantwortlicher f\u00fcr die Ver\u00f6ffentlichung MGSLa Noria806 route d\u2019Antibes, 06410 Biot, Frankreich(Showroom in Paris)Tel.: +33 6 71 96 92 17E-Mail: contact@matts-guitar-shop.com Verantwortlicher f\u00fcr die Ver\u00f6ffentlichung: Matthieu LucasWebsite-HostingOVH2 rue Kellermann, 59100 Roubaix, FrankreichWebsite: www.ovh.comUrheberrecht und geistiges Eigentum Der gesamte Inhalt der Website www.matts-guitar-shop.com (Texte, Bilder, Logos, Videos, grafische Elemente, Struktur, Layout, Datenbanken usw.) ist ausschlie\u00dfliches [&hellip;]\" \/>\n<meta property=\"og:url\" content=\"https:\/\/www.matts-guitar-shop.com\/de\/impressum\/\" \/>\n<meta property=\"og:site_name\" content=\"Matt&#039;s Guitar Shop\" \/>\n<meta property=\"article:publisher\" content=\"https:\/\/www.facebook.com\/profile.php?id=100044359842817\" \/>\n<meta property=\"article:modified_time\" content=\"2025-08-29T22:48:55+00:00\" \/>\n<meta name=\"twitter:card\" content=\"summary_large_image\" \/>\n<meta name=\"twitter:label1\" content=\"Gesch\u00e4tzte Lesezeit\" \/>\n\t<meta name=\"twitter:data1\" content=\"5\u00a0Minuten\" \/>\n<script type=\"application\/ld+json\" class=\"yoast-schema-graph\">{\"@context\":\"https:\/\/schema.org\",\"@graph\":[{\"@type\":\"WebPage\",\"@id\":\"https:\/\/www.matts-guitar-shop.com\/de\/impressum\/\",\"url\":\"https:\/\/www.matts-guitar-shop.com\/de\/impressum\/\",\"name\":\"Impressum - Matt&#039;s Guitar Shop\",\"isPartOf\":{\"@id\":\"https:\/\/www.matts-guitar-shop.com\/de\/#website\"},\"datePublished\":\"2025-02-20T05:44:24+00:00\",\"dateModified\":\"2025-08-29T22:48:55+00:00\",\"breadcrumb\":{\"@id\":\"https:\/\/www.matts-guitar-shop.com\/de\/impressum\/#breadcrumb\"},\"inLanguage\":\"de\",\"potentialAction\":[{\"@type\":\"ReadAction\",\"target\":[\"https:\/\/www.matts-guitar-shop.com\/de\/impressum\/\"]}]},{\"@type\":\"BreadcrumbList\",\"@id\":\"https:\/\/www.matts-guitar-shop.com\/de\/impressum\/#breadcrumb\",\"itemListElement\":[{\"@type\":\"ListItem\",\"position\":1,\"name\":\"Startseite\",\"item\":\"https:\/\/www.matts-guitar-shop.com\/de\/\"},{\"@type\":\"ListItem\",\"position\":2,\"name\":\"Impressum\"}]},{\"@type\":\"WebSite\",\"@id\":\"https:\/\/www.matts-guitar-shop.com\/de\/#website\",\"url\":\"https:\/\/www.matts-guitar-shop.com\/de\/\",\"name\":\"matts-guitar-shop.com\",\"description\":\"Guitar Shop\",\"publisher\":{\"@id\":\"https:\/\/www.matts-guitar-shop.com\/de\/#organization\"},\"potentialAction\":[{\"@type\":\"SearchAction\",\"target\":{\"@type\":\"EntryPoint\",\"urlTemplate\":\"https:\/\/www.matts-guitar-shop.com\/de\/?s={search_term_string}\"},\"query-input\":{\"@type\":\"PropertyValueSpecification\",\"valueRequired\":true,\"valueName\":\"search_term_string\"}}],\"inLanguage\":\"de\"},{\"@type\":\"Organization\",\"@id\":\"https:\/\/www.matts-guitar-shop.com\/de\/#organization\",\"name\":\"matts-guitar-shop.com\",\"url\":\"https:\/\/www.matts-guitar-shop.com\/de\/\",\"logo\":{\"@type\":\"ImageObject\",\"inLanguage\":\"de\",\"@id\":\"https:\/\/www.matts-guitar-shop.com\/de\/#\/schema\/logo\/image\/\",\"url\":\"https:\/\/www.matts-guitar-shop.com\/wp-content\/uploads\/2024\/09\/MGS-logo-site-02.png\",\"contentUrl\":\"https:\/\/www.matts-guitar-shop.com\/wp-content\/uploads\/2024\/09\/MGS-logo-site-02.png\",\"width\":200,\"height\":122,\"caption\":\"matts-guitar-shop.com\"},\"image\":{\"@id\":\"https:\/\/www.matts-guitar-shop.com\/de\/#\/schema\/logo\/image\/\"},\"sameAs\":[\"https:\/\/www.facebook.com\/profile.php?id=100044359842817\",\"https:\/\/www.instagram.com\/mattsguitarshop\/\",\"https:\/\/www.youtube.com\/@MattLucasMan\/videos\"]}]}<\/script>\n<!-- \/ Yoast SEO plugin. -->","yoast_head_json":{"title":"Impressum - Matt&#039;s Guitar Shop","robots":{"index":"index","follow":"follow","max-snippet":"max-snippet:-1","max-image-preview":"max-image-preview:large","max-video-preview":"max-video-preview:-1"},"canonical":"https:\/\/www.matts-guitar-shop.com\/de\/impressum\/","og_locale":"de_DE","og_type":"article","og_title":"Impressum - Matt&#039;s Guitar Shop","og_description":"ImpressumWebsite-Inhaber &amp; Verantwortlicher f\u00fcr die Ver\u00f6ffentlichung MGSLa Noria806 route d\u2019Antibes, 06410 Biot, Frankreich(Showroom in Paris)Tel.: +33 6 71 96 92 17E-Mail: contact@matts-guitar-shop.com Verantwortlicher f\u00fcr die Ver\u00f6ffentlichung: Matthieu LucasWebsite-HostingOVH2 rue Kellermann, 59100 Roubaix, FrankreichWebsite: www.ovh.comUrheberrecht und geistiges Eigentum Der gesamte Inhalt der Website www.matts-guitar-shop.com (Texte, Bilder, Logos, Videos, grafische Elemente, Struktur, Layout, Datenbanken usw.) ist ausschlie\u00dfliches [&hellip;]","og_url":"https:\/\/www.matts-guitar-shop.com\/de\/impressum\/","og_site_name":"Matt&#039;s Guitar Shop","article_publisher":"https:\/\/www.facebook.com\/profile.php?id=100044359842817","article_modified_time":"2025-08-29T22:48:55+00:00","twitter_card":"summary_large_image","twitter_misc":{"Gesch\u00e4tzte Lesezeit":"5\u00a0Minuten"},"schema":{"@context":"https:\/\/schema.org","@graph":[{"@type":"WebPage","@id":"https:\/\/www.matts-guitar-shop.com\/de\/impressum\/","url":"https:\/\/www.matts-guitar-shop.com\/de\/impressum\/","name":"Impressum - Matt&#039;s Guitar Shop","isPartOf":{"@id":"https:\/\/www.matts-guitar-shop.com\/de\/#website"},"datePublished":"2025-02-20T05:44:24+00:00","dateModified":"2025-08-29T22:48:55+00:00","breadcrumb":{"@id":"https:\/\/www.matts-guitar-shop.com\/de\/impressum\/#breadcrumb"},"inLanguage":"de","potentialAction":[{"@type":"ReadAction","target":["https:\/\/www.matts-guitar-shop.com\/de\/impressum\/"]}]},{"@type":"BreadcrumbList","@id":"https:\/\/www.matts-guitar-shop.com\/de\/impressum\/#breadcrumb","itemListElement":[{"@type":"ListItem","position":1,"name":"Startseite","item":"https:\/\/www.matts-guitar-shop.com\/de\/"},{"@type":"ListItem","position":2,"name":"Impressum"}]},{"@type":"WebSite","@id":"https:\/\/www.matts-guitar-shop.com\/de\/#website","url":"https:\/\/www.matts-guitar-shop.com\/de\/","name":"matts-guitar-shop.com","description":"Guitar Shop","publisher":{"@id":"https:\/\/www.matts-guitar-shop.com\/de\/#organization"},"potentialAction":[{"@type":"SearchAction","target":{"@type":"EntryPoint","urlTemplate":"https:\/\/www.matts-guitar-shop.com\/de\/?s={search_term_string}"},"query-input":{"@type":"PropertyValueSpecification","valueRequired":true,"valueName":"search_term_string"}}],"inLanguage":"de"},{"@type":"Organization","@id":"https:\/\/www.matts-guitar-shop.com\/de\/#organization","name":"matts-guitar-shop.com","url":"https:\/\/www.matts-guitar-shop.com\/de\/","logo":{"@type":"ImageObject","inLanguage":"de","@id":"https:\/\/www.matts-guitar-shop.com\/de\/#\/schema\/logo\/image\/","url":"https:\/\/www.matts-guitar-shop.com\/wp-content\/uploads\/2024\/09\/MGS-logo-site-02.png","contentUrl":"https:\/\/www.matts-guitar-shop.com\/wp-content\/uploads\/2024\/09\/MGS-logo-site-02.png","width":200,"height":122,"caption":"matts-guitar-shop.com"},"image":{"@id":"https:\/\/www.matts-guitar-shop.com\/de\/#\/schema\/logo\/image\/"},"sameAs":["https:\/\/www.facebook.com\/profile.php?id=100044359842817","https:\/\/www.instagram.com\/mattsguitarshop\/","https:\/\/www.youtube.com\/@MattLucasMan\/videos"]}]}},"_links":{"self":[{"href":"https:\/\/www.matts-guitar-shop.com\/de\/wp-json\/wp\/v2\/pages\/19706","targetHints":{"allow":["GET"]}}],"collection":[{"href":"https:\/\/www.matts-guitar-shop.com\/de\/wp-json\/wp\/v2\/pages"}],"about":[{"href":"https:\/\/www.matts-guitar-shop.com\/de\/wp-json\/wp\/v2\/types\/page"}],"author":[{"embeddable":true,"href":"https:\/\/www.matts-guitar-shop.com\/de\/wp-json\/wp\/v2\/users\/2"}],"replies":[{"embeddable":true,"href":"https:\/\/www.matts-guitar-shop.com\/de\/wp-json\/wp\/v2\/comments?post=19706"}],"version-history":[{"count":2,"href":"https:\/\/www.matts-guitar-shop.com\/de\/wp-json\/wp\/v2\/pages\/19706\/revisions"}],"predecessor-version":[{"id":19708,"href":"https:\/\/www.matts-guitar-shop.com\/de\/wp-json\/wp\/v2\/pages\/19706\/revisions\/19708"}],"wp:attachment":[{"href":"https:\/\/www.matts-guitar-shop.com\/de\/wp-json\/wp\/v2\/media?parent=19706"}],"curies":[{"name":"wp","href":"https:\/\/api.w.org\/{rel}","templated":true}]}}