{"id":19630,"date":"2024-07-04T15:01:07","date_gmt":"2024-07-04T13:01:07","guid":{"rendered":"https:\/\/www.matts-guitar-shop.com\/der-shop\/"},"modified":"2026-03-07T03:44:14","modified_gmt":"2026-03-07T02:44:14","slug":"der-shop","status":"publish","type":"page","link":"https:\/\/www.matts-guitar-shop.com\/de\/der-shop\/","title":{"rendered":"Der Shop"},"content":{"rendered":"<p>[et_pb_section fb_built=&#8220;1&#8243; fullwidth=&#8220;on&#8220; _builder_version=&#8220;4.25.2&#8243; _module_preset=&#8220;default&#8220; width=&#8220;100%&#8220; min_height=&#8220;100vh&#8220; locked=&#8220;off&#8220; global_colors_info=&#8220;{}&#8220;][et_pb_fullwidth_slider _builder_version=&#8220;4.25.2&#8243; _module_preset=&#8220;default&#8220; header_level=&#8220;h1&#8243; header_font=&#8220;|600|||||||&#8220; body_font=&#8220;||||||||&#8220; width=&#8220;100%&#8220; min_height=&#8220;100vh&#8220; auto=&#8220;on&#8220; auto_speed=&#8220;4500&#8243; auto_ignore_hover=&#8220;on&#8220; hover_transition_duration=&#8220;50ms&#8220; hover_transition_speed_curve=&#8220;linear&#8220; global_colors_info=&#8220;{}&#8220;][et_pb_slide heading=&#8220;Der Shop&#8220; _builder_version=&#8220;4.25.2&#8243; _module_preset=&#8220;default&#8220; header_level=&#8220;h1&#8243; header_font_size=&#8220;70px&#8220; body_font_size=&#8220;20px&#8220; background_enable_color=&#8220;off&#8220; background_image=&#8220;https:\/\/www.matts-guitar-shop.com\/wp-content\/uploads\/2025\/03\/slide-estimation-et-reprise-matts-guitar-shop-01.jpg&#8220; background_enable_image=&#8220;on&#8220; background_size=&#8220;custom&#8220; header_font_size_tablet=&#8220;60px&#8220; header_font_size_phone=&#8220;32px&#8220; header_font_size_last_edited=&#8220;on|phone&#8220; body_font_size_tablet=&#8220;20px&#8220; body_font_size_phone=&#8220;16px&#8220; body_font_size_last_edited=&#8220;on|phone&#8220; global_colors_info=&#8220;{}&#8220; sticky_transition=&#8220;on&#8220;][\/et_pb_slide][\/et_pb_fullwidth_slider][\/et_pb_section][et_pb_section fb_built=&#8220;1&#8243; _builder_version=&#8220;4.25.2&#8243; _module_preset=&#8220;default&#8220; background_color=&#8220;#000000&#8243; top_divider_style=&#8220;arrow2&#8243; top_divider_color=&#8220;#d0a957&#8243; top_divider_height=&#8220;12px&#8220; bottom_divider_style=&#8220;arrow2&#8243; bottom_divider_color=&#8220;gcid-heading-color&#8220; bottom_divider_height=&#8220;12px&#8220; bottom_divider_flip=&#8220;vertical&#8220; global_colors_info=&#8220;{%22gcid-heading-color%22:%91%22bottom_divider_color%22,%22bottom_divider_color%22%93}&#8220;][et_pb_row _builder_version=&#8220;4.27.5&#8243; _module_preset=&#8220;default&#8220; hover_enabled=&#8220;0&#8243; global_colors_info=&#8220;{}&#8220; width=&#8220;100%&#8220; max_width=&#8220;80%&#8220; sticky_enabled=&#8220;0&#8243;][et_pb_column type=&#8220;4_4&#8243; _builder_version=&#8220;4.25.2&#8243; _module_preset=&#8220;default&#8220; global_colors_info=&#8220;{}&#8220;][et_pb_text _builder_version=&#8220;4.25.2&#8243; _module_preset=&#8220;default&#8220; text_font_size=&#8220;16px&#8220; header_font=&#8220;|700|||||||&#8220; header_text_align=&#8220;center&#8220; header_font_size=&#8220;36px&#8220; text_orientation=&#8220;center&#8220; background_layout=&#8220;dark&#8220; global_colors_info=&#8220;{}&#8220;]<\/p>\n<h2>Der Matt\u2019s Guitar Shop ist ein Handelsunternehmen, das sich au\u00dfergew\u00f6hnlichen Musikinstrumenten widmet. Gegr\u00fcndet von Matt Lucas vor \u00fcber zehn Jahren, hat es sich in wenigen Jahren zu einem anerkannten und renommierten Gesch\u00e4ft entwickelt. Mit einer Leidenschaft f\u00fcr au\u00dfergew\u00f6hnliche St\u00fccke hat der Matt\u2019s Guitar Shop Instrumente von K\u00fcnstlern zu einer Spezialit\u00e4t gemacht und bemerkenswerte Gitarren zum Herzst\u00fcck seiner T\u00e4tigkeit. Heute ist er ein angesehener Experte und geh\u00f6rt zu den bekanntesten und respektiertesten Einrichtungen weltweit.<\/h2>\n<p>[\/et_pb_text][et_pb_text _builder_version=&#8220;4.25.2&#8243; _module_preset=&#8220;default&#8220; text_font_size=&#8220;16px&#8220; header_font=&#8220;|700|||||||&#8220; header_text_align=&#8220;center&#8220; header_font_size=&#8220;36px&#8220; text_orientation=&#8220;center&#8220; background_layout=&#8220;dark&#8220; global_colors_info=&#8220;{}&#8220;]<\/p>\n<p>An der Schnittstelle zwischen Musikgeschichte und der Magie der Instrumentenbaukunst ist der <a href=\"https:\/\/www.matts-guitar-shop.com\/de\/\">Matt\u2019s Guitar Shop, Gitarrengesch\u00e4ft in Paris<\/a>, zu einem Geschichtstr\u00e4ger geworden, der dazu beitr\u00e4gt, die Bedeutung dieser Zeugen der kreativen Schaffenskraft zu vermitteln. Als wichtiger Akteur in der Expertise und im Verkauf von Vintage-Instrumenten hat er nach und nach Instrumente, die K\u00fcnstlern geh\u00f6rten, zu seinem Spezialgebiet gemacht. \u00dcberzeugt von der besonderen Qualit\u00e4t der Instrumente, die von den gr\u00f6\u00dften Musikern gew\u00e4hlt wurden, ist sein Wunsch, deren Werkzeuge zu entdecken, zu einer zentralen Leitlinie geworden.<\/p>\n<p>In derselben Logik der Liebe zur Musik wurde 2019 der Showroom von Matt&#8217;s Guitar Shop er\u00f6ffnet \u2013 ein privilegierter Ort f\u00fcr Verkauf und Austausch, der Paris im Bereich der hochwertigen Gitarren wieder zu neuem Glanz verhilft. Inspirierte und inspirierende Instrumente, die weiterhin sch\u00f6ne T\u00f6ne in die Ohren der Liebhaber zaubern.<\/p>\n<p>[\/et_pb_text][et_pb_image src=&#8220;https:\/\/www.matts-guitar-shop.com\/wp-content\/uploads\/2024\/07\/matts-guitar-shop-le-shop-01.jpg&#8220; title_text=&#8220;matts-guitar-shop-le-shop-01&#8243; force_fullwidth=&#8220;on&#8220; _builder_version=&#8220;4.25.2&#8243; _module_preset=&#8220;default&#8220; global_colors_info=&#8220;{}&#8220;][\/et_pb_image][\/et_pb_column][\/et_pb_row][\/et_pb_section][et_pb_section fb_built=&#8220;1&#8243; _builder_version=&#8220;4.25.2&#8243; _module_preset=&#8220;default&#8220; background_color=&#8220;gcid-primary-color&#8220; background_enable_image=&#8220;off&#8220; locked=&#8220;off&#8220; global_colors_info=&#8220;{%22gcid-primary-color%22:%91%22background_color%22%93}&#8220;][et_pb_row _builder_version=&#8220;4.27.5&#8243; _module_preset=&#8220;default&#8220; hover_enabled=&#8220;0&#8243; global_colors_info=&#8220;{}&#8220; width=&#8220;100%&#8220; max_width=&#8220;80%&#8220; sticky_enabled=&#8220;0&#8243;][et_pb_column type=&#8220;4_4&#8243; _builder_version=&#8220;4.25.2&#8243; _dynamic_attributes=&#8220;link_option_url&#8220; _module_preset=&#8220;default&#8220; link_option_url=&#8220;@ET-DC@eyJkeW5hbWljIjp0cnVlLCJjb250ZW50IjoicG9zdF9saW5rX3VybF9wYWdlIiwic2V0dGluZ3MiOnsicG9zdF9pZCI6IjE4MSJ9fQ==@&#8220; global_colors_info=&#8220;{}&#8220;][et_pb_text _builder_version=&#8220;4.25.2&#8243; _module_preset=&#8220;default&#8220; header_2_font=&#8220;|600|||||||&#8220; background_layout=&#8220;dark&#8220; global_colors_info=&#8220;{}&#8220;]<\/p>\n<h2>Wer ist Matt?<\/h2>\n<p>[\/et_pb_text][et_pb_text _builder_version=&#8220;4.25.2&#8243; _module_preset=&#8220;default&#8220; header_2_font=&#8220;|600|||||||&#8220; background_layout=&#8220;dark&#8220; global_colors_info=&#8220;{%22gcid-heading-color%22:%91%22background_color%22%93}&#8220;]<\/p>\n<p>Seit seiner Jugend begeistert von Rockmusik und der Gitarre, hat <b>Matt Lucas<\/b> sein Leben rund um das sechssaitige Instrument ausgerichtet. Die <b>Gitarre<\/b> war das Herzst\u00fcck seines Werdegangs, leitete seine Entscheidungen und Risikobereitschaft, um <b>ein anerkannter H\u00e4ndler und Experte<\/b> zu werden. Nach stundenlangem H\u00f6ren von AC\/DC erkannte Matthieu in den Soli und Riffs von Angus Young die Konturen seiner Berufung: die Gitarre zu seinem zentralen Fachgebiet zu machen. Getrieben von einer leidenschaftlichen Neugier, bildete sich Matt im Austausch mit den gr\u00f6\u00dften H\u00e4ndlern der Welt weiter. Mit unstillbarem Wissensdurst und mutigem Vorgehen lernte er die Feinheiten eines ebenso speziellen wie faszinierenden Marktes kennen und erkannte die einzigartige Magie hinter <b>K\u00fcnstlergitarren<\/b>. Bis dahin im unerreichbaren Schatten der Backstages belassen, wurden K\u00fcnstlerinstrumente vom Markt noch nicht so wahrgenommen wie heute. Matthieu erkannte ihr unvergleichliches kulturelles und historisches Interesse und machte sie zum Mittelpunkt seiner Spezialisierung.<\/p>\n<p>Die <b>K\u00fcnstlergitarre<\/b> wurde so zu einer Erweiterung seiner Kunst, zur materiellen Umsetzung einer \u00e4sthetischen Idee, zum Pinsel seiner Komposition und zum Schl\u00fcssel zum Verst\u00e4ndnis eines kreativen Prozesses. Mit der Gr\u00fcndung von Matt\u2019s Guitar Shop stellte Matt das damals noch ungew\u00f6hnliche Interesse an den Instrumenten gro\u00dfer Musiker in den Mittelpunkt seiner Arbeit. Im Laufe der Jahre konnte er <b>mit Musikern nationaler und internationaler Bedeutung<\/b> <b>zusammenarbeiten<\/b>, um deren Sammlungen zu verkaufen (Bernie Bonvoisin, Renaud, Richie Sambora, KISS, Lenny Kravitz), und war an der Ver\u00e4u\u00dferung <b>historischer Instrumente<\/b> beteiligt (Gitarren von Jeff Buckley, Prince, den Sex Pistols, Jeff Beck). Au\u00dferdem verfeinerte er seine F\u00e4higkeiten in der Expertise und dem Verkauf von <b>seltenen und begehrten Vintage-Instrumenten<\/b>, die einen weiteren Schwerpunkt von Matt\u2019s Guitar Shop darstellen.<\/p>\n<p>In dem Bewusstsein, nur ein Vermittler von Geschichte und Emotionen zu sein, bem\u00fcht sich Matt Lucas, die Magie dieser Instrumente zu bewahren und einem m\u00f6glichst breiten Publikum zug\u00e4nglich zu machen. Seit der Er\u00f6ffnung seines Pariser Showrooms ist <b>Offenheit und Teilen f\u00fcr alle<\/b> ein zentraler Bestandteil der Philosophie von Matt\u2019s Guitar Shop. Der Shop ist kein geschlossener Ort, sondern hei\u00dft alle Musikbegeisterten willkommen. Die Gitarren werden regelm\u00e4\u00dfig auf der B\u00fchne und im Studio ausgeliehen, um wieder ihre urspr\u00fcngliche Funktion zu erf\u00fcllen: spielen und ber\u00fchren.<\/p>\n<p>Heute, nach mehr als zehn Jahren als H\u00e4ndler, ist Matthieu ein gesch\u00e4tzter Ansprechpartner in <b>Expertise, Bewertung und Verkauf von Vintage-Instrumenten<\/b>, die K\u00fcnstlern geh\u00f6rten. Seine Suche nach seltenen und au\u00dfergew\u00f6hnlichen Instrumenten setzt er t\u00e4glich mit derselben Leidenschaft und Hingabe fort, stets beeindruckt von einer Burst, einer Blackguard oder einer Serie L.<\/p>\n<p>Mit Bewusstsein f\u00fcr seine Rolle und das Privileg, Zugang zu historischen Instrumenten zu haben, hat Matt das Team von Matt\u2019s Guitar Shop schrittweise erweitert, um mehr Menschen zu erreichen. Heute ist er von einem vielf\u00e4ltigen und erfahrenen Team umgeben, das seine urspr\u00fcngliche Vision fortf\u00fchrt: <b>Tr\u00e4ume wecken und die Leidenschaft in Musik und Instrumenten weitergeben.<\/b><\/p>\n<p>[\/et_pb_text][\/et_pb_column][\/et_pb_row][et_pb_row column_structure=&#8220;3_5,2_5&#8243; _builder_version=&#8220;4.27.5&#8243; _module_preset=&#8220;default&#8220; hover_enabled=&#8220;0&#8243; global_colors_info=&#8220;{}&#8220; width=&#8220;100%&#8220; max_width=&#8220;80%&#8220; sticky_enabled=&#8220;0&#8243;][et_pb_column type=&#8220;3_5&#8243; _builder_version=&#8220;4.25.2&#8243; _dynamic_attributes=&#8220;link_option_url&#8220; _module_preset=&#8220;default&#8220; link_option_url=&#8220;@ET-DC@eyJkeW5hbWljIjp0cnVlLCJjb250ZW50IjoicG9zdF9saW5rX3VybF9wYWdlIiwic2V0dGluZ3MiOnsicG9zdF9pZCI6IjE4MSJ9fQ==@&#8220; global_colors_info=&#8220;{}&#8220;][et_pb_image src=&#8220;https:\/\/www.matts-guitar-shop.com\/wp-content\/uploads\/2024\/07\/qui-est-matt-s-guitar-shop-01.jpg&#8220; title_text=&#8220;qui-est-matt-s-guitar-shop-01&#8243; _builder_version=&#8220;4.25.2&#8243; _module_preset=&#8220;default&#8220; global_colors_info=&#8220;{}&#8220;][\/et_pb_image][\/et_pb_column][et_pb_column type=&#8220;2_5&#8243; _builder_version=&#8220;4.25.2&#8243; _dynamic_attributes=&#8220;link_option_url&#8220; _module_preset=&#8220;default&#8220; link_option_url=&#8220;@ET-DC@eyJkeW5hbWljIjp0cnVlLCJjb250ZW50IjoicG9zdF9saW5rX3VybF9wYWdlIiwic2V0dGluZ3MiOnsicG9zdF9pZCI6IjE4MSJ9fQ==@&#8220; global_colors_info=&#8220;{}&#8220;][et_pb_button button_url=&#8220;@ET-DC@eyJkeW5hbWljIjp0cnVlLCJjb250ZW50IjoicG9zdF9saW5rX3VybF9wYWdlIiwic2V0dGluZ3MiOnsicG9zdF9pZCI6IjE3NCJ9fQ==@&#8220; button_text=&#8220;Discover Our Concept&#8220; _builder_version=&#8220;4.25.2&#8243; _dynamic_attributes=&#8220;button_url&#8220; _module_preset=&#8220;default&#8220; custom_button=&#8220;on&#8220; button_text_size=&#8220;14px&#8220; button_text_color=&#8220;#FFFFFF&#8220; button_bg_color=&#8220;gcid-heading-color&#8220; button_border_width=&#8220;1px&#8220; button_border_radius=&#8220;0px&#8220; button_letter_spacing=&#8220;1px&#8220; button_font=&#8220;|600|||||||&#8220; global_colors_info=&#8220;{%22gcid-heading-color%22:%91%22button_bg_color%22%93}&#8220;][\/et_pb_button][et_pb_button button_url=&#8220;@ET-DC@eyJkeW5hbWljIjp0cnVlLCJjb250ZW50IjoicG9zdF9saW5rX3VybF9wYWdlIiwic2V0dGluZ3MiOnsicG9zdF9pZCI6IjE3MiJ9fQ==@&#8220; button_text=&#8220;Who We Are&#8220; _builder_version=&#8220;4.25.2&#8243; _dynamic_attributes=&#8220;button_url&#8220; _module_preset=&#8220;default&#8220; custom_button=&#8220;on&#8220; button_text_size=&#8220;14px&#8220; button_text_color=&#8220;#FFFFFF&#8220; button_bg_color=&#8220;gcid-heading-color&#8220; button_border_width=&#8220;1px&#8220; button_border_radius=&#8220;0px&#8220; button_letter_spacing=&#8220;1px&#8220; button_font=&#8220;|600|||||||&#8220; global_colors_info=&#8220;{%22gcid-heading-color%22:%91%22button_bg_color%22%93}&#8220;][\/et_pb_button][\/et_pb_column][\/et_pb_row][\/et_pb_section]<\/p>\n","protected":false},"excerpt":{"rendered":"<p>Der Matt\u2019s Guitar Shop ist ein Handelsunternehmen, das sich au\u00dfergew\u00f6hnlichen Musikinstrumenten widmet. Gegr\u00fcndet von Matt Lucas vor \u00fcber zehn Jahren, hat es sich in wenigen Jahren zu einem anerkannten und renommierten Gesch\u00e4ft entwickelt. Mit einer Leidenschaft f\u00fcr au\u00dfergew\u00f6hnliche St\u00fccke hat der Matt\u2019s Guitar Shop Instrumente von K\u00fcnstlern zu einer Spezialit\u00e4t gemacht und bemerkenswerte Gitarren zum [&hellip;]<\/p>\n","protected":false},"author":1,"featured_media":0,"parent":0,"menu_order":0,"comment_status":"closed","ping_status":"closed","template":"","meta":{"_et_pb_use_builder":"on","_et_pb_old_content":"","_et_gb_content_width":"","footnotes":""},"class_list":["post-19630","page","type-page","status-publish","hentry"],"yoast_head":"<!-- This site is optimized with the Yoast SEO plugin v26.8 - https:\/\/yoast.com\/product\/yoast-seo-wordpress\/ -->\n<title>Der Shop - Matt&#039;s Guitar Shop<\/title>\n<meta name=\"description\" content=\"Matt&#039;s Guitar Shop: Gitarrengesch\u00e4ft in Paris. Matt&#039;s Guitar Shop bietet Ihnen Vintage-E-Gitarren und Custom-Shop-Gitarren an.\" \/>\n<meta name=\"robots\" content=\"index, follow, max-snippet:-1, max-image-preview:large, max-video-preview:-1\" \/>\n<link rel=\"canonical\" href=\"https:\/\/www.matts-guitar-shop.com\/de\/der-shop\/\" \/>\n<meta property=\"og:locale\" content=\"de_DE\" \/>\n<meta property=\"og:type\" content=\"article\" \/>\n<meta property=\"og:title\" content=\"Der Shop - Matt&#039;s Guitar Shop\" \/>\n<meta property=\"og:description\" content=\"Matt&#039;s Guitar Shop: Gitarrengesch\u00e4ft in Paris. Matt&#039;s Guitar Shop bietet Ihnen Vintage-E-Gitarren und Custom-Shop-Gitarren an.\" \/>\n<meta property=\"og:url\" content=\"https:\/\/www.matts-guitar-shop.com\/de\/der-shop\/\" \/>\n<meta property=\"og:site_name\" content=\"Matt&#039;s Guitar Shop\" \/>\n<meta property=\"article:publisher\" content=\"https:\/\/www.facebook.com\/profile.php?id=100044359842817\" \/>\n<meta property=\"article:modified_time\" content=\"2026-03-07T02:44:14+00:00\" \/>\n<meta name=\"twitter:card\" content=\"summary_large_image\" \/>\n<meta name=\"twitter:label1\" content=\"Gesch\u00e4tzte Lesezeit\" \/>\n\t<meta name=\"twitter:data1\" content=\"7\u00a0Minuten\" \/>\n<script type=\"application\/ld+json\" class=\"yoast-schema-graph\">{\"@context\":\"https:\/\/schema.org\",\"@graph\":[{\"@type\":\"WebPage\",\"@id\":\"https:\/\/www.matts-guitar-shop.com\/de\/der-shop\/\",\"url\":\"https:\/\/www.matts-guitar-shop.com\/de\/der-shop\/\",\"name\":\"Der Shop - Matt&#039;s Guitar Shop\",\"isPartOf\":{\"@id\":\"https:\/\/www.matts-guitar-shop.com\/de\/#website\"},\"datePublished\":\"2024-07-04T13:01:07+00:00\",\"dateModified\":\"2026-03-07T02:44:14+00:00\",\"description\":\"Matt's Guitar Shop: Gitarrengesch\u00e4ft in Paris. Matt's Guitar Shop bietet Ihnen Vintage-E-Gitarren und Custom-Shop-Gitarren an.\",\"breadcrumb\":{\"@id\":\"https:\/\/www.matts-guitar-shop.com\/de\/der-shop\/#breadcrumb\"},\"inLanguage\":\"de\",\"potentialAction\":[{\"@type\":\"ReadAction\",\"target\":[\"https:\/\/www.matts-guitar-shop.com\/de\/der-shop\/\"]}]},{\"@type\":\"BreadcrumbList\",\"@id\":\"https:\/\/www.matts-guitar-shop.com\/de\/der-shop\/#breadcrumb\",\"itemListElement\":[{\"@type\":\"ListItem\",\"position\":1,\"name\":\"Startseite\",\"item\":\"https:\/\/www.matts-guitar-shop.com\/de\/\"},{\"@type\":\"ListItem\",\"position\":2,\"name\":\"Der Shop\"}]},{\"@type\":\"WebSite\",\"@id\":\"https:\/\/www.matts-guitar-shop.com\/de\/#website\",\"url\":\"https:\/\/www.matts-guitar-shop.com\/de\/\",\"name\":\"matts-guitar-shop.com\",\"description\":\"Guitar Shop\",\"publisher\":{\"@id\":\"https:\/\/www.matts-guitar-shop.com\/de\/#organization\"},\"potentialAction\":[{\"@type\":\"SearchAction\",\"target\":{\"@type\":\"EntryPoint\",\"urlTemplate\":\"https:\/\/www.matts-guitar-shop.com\/de\/?s={search_term_string}\"},\"query-input\":{\"@type\":\"PropertyValueSpecification\",\"valueRequired\":true,\"valueName\":\"search_term_string\"}}],\"inLanguage\":\"de\"},{\"@type\":\"Organization\",\"@id\":\"https:\/\/www.matts-guitar-shop.com\/de\/#organization\",\"name\":\"matts-guitar-shop.com\",\"url\":\"https:\/\/www.matts-guitar-shop.com\/de\/\",\"logo\":{\"@type\":\"ImageObject\",\"inLanguage\":\"de\",\"@id\":\"https:\/\/www.matts-guitar-shop.com\/de\/#\/schema\/logo\/image\/\",\"url\":\"https:\/\/www.matts-guitar-shop.com\/wp-content\/uploads\/2024\/09\/MGS-logo-site-02.png\",\"contentUrl\":\"https:\/\/www.matts-guitar-shop.com\/wp-content\/uploads\/2024\/09\/MGS-logo-site-02.png\",\"width\":200,\"height\":122,\"caption\":\"matts-guitar-shop.com\"},\"image\":{\"@id\":\"https:\/\/www.matts-guitar-shop.com\/de\/#\/schema\/logo\/image\/\"},\"sameAs\":[\"https:\/\/www.facebook.com\/profile.php?id=100044359842817\",\"https:\/\/www.instagram.com\/mattsguitarshop\/\",\"https:\/\/www.youtube.com\/@MattLucasMan\/videos\"]}]}<\/script>\n<!-- \/ Yoast SEO plugin. -->","yoast_head_json":{"title":"Der Shop - Matt&#039;s Guitar Shop","description":"Matt's Guitar Shop: Gitarrengesch\u00e4ft in Paris. Matt's Guitar Shop bietet Ihnen Vintage-E-Gitarren und Custom-Shop-Gitarren an.","robots":{"index":"index","follow":"follow","max-snippet":"max-snippet:-1","max-image-preview":"max-image-preview:large","max-video-preview":"max-video-preview:-1"},"canonical":"https:\/\/www.matts-guitar-shop.com\/de\/der-shop\/","og_locale":"de_DE","og_type":"article","og_title":"Der Shop - Matt&#039;s Guitar Shop","og_description":"Matt's Guitar Shop: Gitarrengesch\u00e4ft in Paris. Matt's Guitar Shop bietet Ihnen Vintage-E-Gitarren und Custom-Shop-Gitarren an.","og_url":"https:\/\/www.matts-guitar-shop.com\/de\/der-shop\/","og_site_name":"Matt&#039;s Guitar Shop","article_publisher":"https:\/\/www.facebook.com\/profile.php?id=100044359842817","article_modified_time":"2026-03-07T02:44:14+00:00","twitter_card":"summary_large_image","twitter_misc":{"Gesch\u00e4tzte Lesezeit":"7\u00a0Minuten"},"schema":{"@context":"https:\/\/schema.org","@graph":[{"@type":"WebPage","@id":"https:\/\/www.matts-guitar-shop.com\/de\/der-shop\/","url":"https:\/\/www.matts-guitar-shop.com\/de\/der-shop\/","name":"Der Shop - Matt&#039;s Guitar Shop","isPartOf":{"@id":"https:\/\/www.matts-guitar-shop.com\/de\/#website"},"datePublished":"2024-07-04T13:01:07+00:00","dateModified":"2026-03-07T02:44:14+00:00","description":"Matt's Guitar Shop: Gitarrengesch\u00e4ft in Paris. Matt's Guitar Shop bietet Ihnen Vintage-E-Gitarren und Custom-Shop-Gitarren an.","breadcrumb":{"@id":"https:\/\/www.matts-guitar-shop.com\/de\/der-shop\/#breadcrumb"},"inLanguage":"de","potentialAction":[{"@type":"ReadAction","target":["https:\/\/www.matts-guitar-shop.com\/de\/der-shop\/"]}]},{"@type":"BreadcrumbList","@id":"https:\/\/www.matts-guitar-shop.com\/de\/der-shop\/#breadcrumb","itemListElement":[{"@type":"ListItem","position":1,"name":"Startseite","item":"https:\/\/www.matts-guitar-shop.com\/de\/"},{"@type":"ListItem","position":2,"name":"Der Shop"}]},{"@type":"WebSite","@id":"https:\/\/www.matts-guitar-shop.com\/de\/#website","url":"https:\/\/www.matts-guitar-shop.com\/de\/","name":"matts-guitar-shop.com","description":"Guitar Shop","publisher":{"@id":"https:\/\/www.matts-guitar-shop.com\/de\/#organization"},"potentialAction":[{"@type":"SearchAction","target":{"@type":"EntryPoint","urlTemplate":"https:\/\/www.matts-guitar-shop.com\/de\/?s={search_term_string}"},"query-input":{"@type":"PropertyValueSpecification","valueRequired":true,"valueName":"search_term_string"}}],"inLanguage":"de"},{"@type":"Organization","@id":"https:\/\/www.matts-guitar-shop.com\/de\/#organization","name":"matts-guitar-shop.com","url":"https:\/\/www.matts-guitar-shop.com\/de\/","logo":{"@type":"ImageObject","inLanguage":"de","@id":"https:\/\/www.matts-guitar-shop.com\/de\/#\/schema\/logo\/image\/","url":"https:\/\/www.matts-guitar-shop.com\/wp-content\/uploads\/2024\/09\/MGS-logo-site-02.png","contentUrl":"https:\/\/www.matts-guitar-shop.com\/wp-content\/uploads\/2024\/09\/MGS-logo-site-02.png","width":200,"height":122,"caption":"matts-guitar-shop.com"},"image":{"@id":"https:\/\/www.matts-guitar-shop.com\/de\/#\/schema\/logo\/image\/"},"sameAs":["https:\/\/www.facebook.com\/profile.php?id=100044359842817","https:\/\/www.instagram.com\/mattsguitarshop\/","https:\/\/www.youtube.com\/@MattLucasMan\/videos"]}]}},"_links":{"self":[{"href":"https:\/\/www.matts-guitar-shop.com\/de\/wp-json\/wp\/v2\/pages\/19630","targetHints":{"allow":["GET"]}}],"collection":[{"href":"https:\/\/www.matts-guitar-shop.com\/de\/wp-json\/wp\/v2\/pages"}],"about":[{"href":"https:\/\/www.matts-guitar-shop.com\/de\/wp-json\/wp\/v2\/types\/page"}],"author":[{"embeddable":true,"href":"https:\/\/www.matts-guitar-shop.com\/de\/wp-json\/wp\/v2\/users\/1"}],"replies":[{"embeddable":true,"href":"https:\/\/www.matts-guitar-shop.com\/de\/wp-json\/wp\/v2\/comments?post=19630"}],"version-history":[{"count":8,"href":"https:\/\/www.matts-guitar-shop.com\/de\/wp-json\/wp\/v2\/pages\/19630\/revisions"}],"predecessor-version":[{"id":29357,"href":"https:\/\/www.matts-guitar-shop.com\/de\/wp-json\/wp\/v2\/pages\/19630\/revisions\/29357"}],"wp:attachment":[{"href":"https:\/\/www.matts-guitar-shop.com\/de\/wp-json\/wp\/v2\/media?parent=19630"}],"curies":[{"name":"wp","href":"https:\/\/api.w.org\/{rel}","templated":true}]}}